{"id":94,"date":"2015-03-30T18:05:49","date_gmt":"2015-03-30T16:05:49","guid":{"rendered":"http:\/\/fotodesign-stein.de\/fotodesignstein\/?page_id=94"},"modified":"2025-01-13T18:47:12","modified_gmt":"2025-01-13T17:47:12","slug":"angebot","status":"publish","type":"page","link":"https:\/\/fotodesign-stein.de\/fotodesignstein\/info-kontakt-impressum\/angebot\/","title":{"rendered":"Angebot"},"content":{"rendered":"\n<p>F\u00fcr Preise (siehe auch weiter unten) kontaktiert uns bitte per Mail mit eurer Telefonnummer oder ruft direkt an, dann k\u00f6nnen wir einfach am besten unser Paket f\u00fcr eure Traumhochzeit schn\u00fcren.<\/p>\n\n\n\n<div class=\"wp-block-group\"><div class=\"wp-block-group__inner-container is-layout-constrained wp-block-group-is-layout-constrained\">\n<p><strong><span style=\"text-decoration: underline;\">Was ist uns wichtig:<\/span><br><\/strong> <br>Freundschaft und Vertrauen sind f\u00fcr uns die Basis jeder erfolgreichen Hochzeitsreportage. Mit euch erleben wir nicht nur einen Hochzeitstag, sondern teilen auch den Wunsch, diesen in unvergesslichen Bildern einzufangen. Unser Ziel ist es, den besonderen Blick f\u00fcr das Einzigartige, f\u00fcr euch und eure Hochzeit zu entwickeln. Ihr k\u00f6nnt darauf vertrauen, dass wir mit voller Energie und Leidenschaft bei eurer Hochzeit dabei sind, denn nur so k\u00f6nnen wir der Verantwortung gerecht werden, diesen einzigartigen Tag zu begleiten, dass er euch und euren G\u00e4sten so in Erinnerung bleibt, wie er war: Aufregend, leidenschaftlich, lustig, manchmal auch chaotisch und stressig, aber mit ganz viel Liebe!<\/p>\n<\/div><\/div>\n\n\n\n<div class=\"wp-block-group\"><div class=\"wp-block-group__inner-container is-layout-constrained wp-block-group-is-layout-constrained\">\n<div class=\"wp-block-group\"><div class=\"wp-block-group__inner-container is-layout-constrained wp-block-group-is-layout-constrained\">\n<div class=\"wp-block-group\"><div class=\"wp-block-group__inner-container is-layout-constrained wp-block-group-is-layout-constrained\">\n<p><strong><span style=\"text-decoration: underline;\">Vorgespr\u00e4ch:<\/span><\/strong><br><br>Um euch bestm\u00f6glich zu begleiten, ist zu Beginn unserer Zusammenarbeit ein pers\u00f6nliches Gespr\u00e4ch unerl\u00e4sslich. Bevor wir eine Hochzeitsreportage \u00fcbernehmen, m\u00fcssen wir uns kennenlernen, denn lebendige, authentische und ungezwungene Bilder entstehen nur, wenn es hei\u00dft: It\u00b4s a match!<\/p>\n\n\n\n<p>&nbsp;Diese Vorgespr\u00e4che sind selbstverst\u00e4ndlich unverbindlich. Wir treffen uns in entspannter Atmosph\u00e4re, kl\u00e4ren Fragen und beschnuppern uns ganz ungezwungen. Aus euren Ideen und W\u00fcnschen, gepaart mit unserer langj\u00e4hrigen Erfahrung, entwerfen wir gemeinsam ein Bild von eurem perfekten Hochzeitstag.<\/p>\n\n\n\n<p>Wohnt ihr weiter weg? Gar kein Problem! Nat\u00fcrlich k\u00f6nnen wir uns auch virtuell \u00fcber die g\u00e4ngigen Plattformen austauschen.<\/p>\n<\/div><\/div>\n<\/div><\/div>\n<\/div><\/div>\n\n\n\n<div class=\"wp-block-group\"><div class=\"wp-block-group__inner-container is-layout-constrained wp-block-group-is-layout-constrained\">\n<p><strong><span style=\"text-decoration: underline;\">Vorabshooting:<\/span><\/strong><br><br>Ihr k\u00f6nnt uns im Vorfeld auch f\u00fcr ein Verlobungs-Shooting oder Paarshooting buchen. Wir lernen uns dadurch besser kennen und ihr k\u00f6nnt schon mal testen, wie es so ist, gemeinsam vor unserer Linse zu stehen. Diese kleine Generalprobe kann viel Aufregung am Hochzeitstag nehmen. Die entstandenen Fotos k\u00f6nnt ihr auch perfekt f\u00fcr Einladungskarten, Tischdeko usw. nutzen. <br>Fragt uns einfach nach den Konditionen.<\/p>\n<\/div><\/div>\n\n\n\n<div class=\"wp-block-group\"><div class=\"wp-block-group__inner-container is-layout-constrained wp-block-group-is-layout-constrained\">\n<div class=\"wp-block-group\"><div class=\"wp-block-group__inner-container is-layout-constrained wp-block-group-is-layout-constrained\">\n<div class=\"wp-block-group\"><div class=\"wp-block-group__inner-container is-layout-constrained wp-block-group-is-layout-constrained\">\n<p><strong><span style=\"text-decoration: underline;\">Die Reportage:<\/span><\/strong><br><br>Wir machen f\u00fcr euch die Bilder, die ihr euch in 20 oder mehr Jahren immer noch gerne anschaut und die euch an den sch\u00f6nsten Tag eures bisherigen Lebens erinnern werden!<br>Unsere Hochzeitsreportage h\u00e4lt euren gesamten Hochzeitstag in Bildern fest. <br><br>Wir wollen an diesem Tag mehr als nur Dienstleister f\u00fcr euch sein. <br>Wir sind G\u00e4ste, Freunde und pers\u00f6nliche Assistenten, die f\u00fcr fast alle Notf\u00e4lle ger\u00fcstet sind. Am besten so, dass wir gar nicht gro\u00df auffallen, aber immer zur Stelle sind und wir f\u00fcr euch und eure G\u00e4ste ein selbstverst\u00e4ndlicher Teil der Feier sind und kein St\u00f6rfaktor. <br>W\u00e4hrend unseres ersten Kennenlernens hab ich es bestimmt schon mal gesagt: Wenn uns jemand fragt &#8222;Wie lange kennt ihr das Hochzeitspaar denn schon? Ihr wirkt so vertraut!&#8220; dann haben wir erreicht was wir wollten. Vertraut und unauff\u00e4llig wirken, dabei sein, Freunde sein.<br>Wir begleiten euch den gesamten Tag \u2013 vom Styling beim Friseur \u00fcber das Ankleiden, den \u201eFirst Look\u201c, die Trauung, Gruppenfotos, bis hin zum Portrait- und Hochzeitsshooting sowie zur Feier.<\/p>\n\n\n\n<p>Eine <em>Hochzeitsreportage<\/em> ist ab <em>8 Stunden<\/em> buchbar.<\/p>\n<\/div><\/div>\n<\/div><\/div>\n<\/div><\/div>\n\n\n\n<div class=\"wp-block-group\"><div class=\"wp-block-group__inner-container is-layout-constrained wp-block-group-is-layout-constrained\">\n<p><strong><span style=\"text-decoration: underline;\">Paarshooting:<\/span><\/strong><br><br>Das Paarshooting ist ein weiterer H\u00f6hepunkt unserer Hochzeitsreportage und eures Tages. Die Location und die zeitliche Dauer planen wir gemeinsam mit euch. F\u00fcr eine entspannte Atmosph\u00e4re sollten wir uns f\u00fcr unser Shooting erfahrungsgem\u00e4\u00df mindestens 60 Minuten Zeit nehmen. Bei Locationwechsel oder anderen Dingen macht mehr auch mehr Sinn aber wir haben immer eure G\u00e4ste in der Planung mit bedacht.<\/p>\n<\/div><\/div>\n\n\n\n<div class=\"wp-block-group\"><div class=\"wp-block-group__inner-container is-layout-constrained wp-block-group-is-layout-constrained\">\n<p><strong><span style=\"text-decoration: underline;\">Was bekommt ihr danach:<\/span><\/strong><br><br>Traumhafte Bilder verdienen auch eine individuelle und liebevolle Verpackung. <br>Ihr erhaltet alle Bilder eurer Hochzeitsreportage auf einem USB-Stick. Dieser wird in einer an eurer Hochzeit angepassten Schachtel \u00fcberreich. <br>So habt ihr eure Erinnerungen immer&nbsp; sch\u00f6n aufbewahrt und griffbereit!<\/p>\n\n\n\n<p>Alle <span style=\"text-decoration: underline;\">Bilder<\/span> werden in einem ganz eigenen und nat\u00fcrlichen Stil nachbearbeitet, in voller Aufl\u00f6sung (bei einer ganzt\u00e4gigen Hochzeitsreportage etwa 500-600 Bilder) und ohne Wasserzeichen zur freien, privaten Verwendung. Ihr erhaltet alle Bilder in Farbe und in einer Schwarz-Wei\u00df- Ausf\u00fchrung.<\/p>\n\n\n\n<p>Eine <span style=\"text-decoration: underline;\">Slideshow<\/span>&nbsp; von 3-4 Minuten L\u00e4nge k\u00f6nnt ihr auch bekommen. Die Hintergrundmusik w\u00e4hlen wir passend zu eurem Tag aus (oft ist das euer Hochzeitstanz). So habt ihr immer einen Auswahl der wundersch\u00f6nen Fotos dabei und k\u00f6nnt jederzeit mit euren Liebsten in Erinnerungen schwelgen.<\/p>\n\n\n\n<p>Alle Bilder und die Slideshow laden wir, auf Wunsch, in einer passwortgesch\u00fctzten Online-Galerie hoch. <br><br>Die <span style=\"text-decoration: underline;\">Bild\u00fcbergabe<\/span> erfolgt etwa 4-6 Wochen nach Fertigstellung der Hochzeitsreportage. Wir melden uns bei euch, um einen Termin zu vereinbaren. Wir treffen uns dazu gerne pers\u00f6nlich, wenn dies f\u00fcr euch zeitlich m\u00f6glich ist, um unserer gemeinsamen Hochzeitsreise einen geb\u00fchrenden Abschluss zu verleihen.<\/p>\n\n\n\n<p>F\u00fcr weitere Entfernungen k\u00f6nnen wir uns gerne auf halbem Weg treffen oder wir senden euch alles per Post.<\/p>\n<\/div><\/div>\n\n\n\n<p class=\"has-medium-font-size\"><strong>\u201eWir fotografieren so, dass ihr beim Ansehen unserer Bilder jedes Mal wieder das aufregende Prickeln und die Emotionen eures einzigartigen Hochzeitstages erleben k\u00f6nnt.\u201c<\/strong><\/p>\n\n\n\n<div class=\"wp-block-group\"><div class=\"wp-block-group__inner-container is-layout-constrained wp-block-group-is-layout-constrained\">\n<p><br><span style=\"text-decoration: underline;\"><strong>Preise<\/strong>:<\/span><\/p>\n\n\n\n<div class=\"wp-block-group\"><div class=\"wp-block-group__inner-container is-layout-constrained wp-block-group-is-layout-constrained\">\n<div class=\"wp-block-group has-medium-font-size is-layout-grid wp-container-core-group-is-layout-14 wp-block-group-is-layout-grid\" style=\"font-style:normal;font-weight:400\">\n<h5 class=\"wp-block-heading has-text-align-center\">Paar\/Vorab Shooting<\/h5>\n\n\n\n<div class=\"wp-block-group is-layout-grid wp-container-core-group-is-layout-12 wp-block-group-is-layout-grid\">\n<div class=\"wp-block-group is-layout-grid wp-container-core-group-is-layout-11 wp-block-group-is-layout-grid\">\n<h5 class=\"wp-block-heading has-text-align-center\">Kurzreportage<\/h5>\n<\/div>\n<\/div>\n\n\n\n<h5 class=\"wp-block-heading has-text-align-center\">Hochzeitsreportage<\/h5>\n\n\n\n<div class=\"wp-block-group is-layout-grid wp-container-core-group-is-layout-13 wp-block-group-is-layout-grid\">\n<p class=\"has-text-align-center has-small-font-size\">Grundpauschale <br><br>(Vortreffen, Planung, Kommunikation, etc.)<br>500\u20ac <br>+ <br>jede Stunde 179\u20ac <br><br>Enthalten: <br>Fotoshooting, digitale, bearbeitete Bilddateien (Anzahl variiert)<\/p>\n<\/div>\n\n\n\n<p class=\"has-text-align-center has-small-font-size\">wie Paar\/vorab Shooting,<br><br>Grundpauschale<br>+<br>Stunden.<br><br>Ab 3 Stunden buchbar<br>+<br>individuell angepasster Datentr\u00e4ger<\/p>\n\n\n\n<p class=\"has-text-align-center has-small-font-size\">wie Kurzreportage,<br><br>Grundpauschale <br>+ <br>Stunden <br>+ <br>Verg\u00fcnstigung ab 10 Stunden: <br>jede Zusatzstunde 125\u20ac<br>+<br>individuelle Slideshow<br>+<br>Online Galerie (passwortgesch\u00fctzt, 6 Monate)<br><br>F\u00fcr das Hochhzeitsreportagepaket gilt bis einschlie\u00dflich 18.01.2025 der auf der Messe angebotene Sonderpreis als &#8222;Komplett-Sorglos-Paket!<br><\/p>\n<\/div>\n<\/div><\/div>\n<\/div><\/div>\n\n\n\n<div class=\"wp-block-group\"><div class=\"wp-block-group__inner-container is-layout-constrained wp-block-group-is-layout-constrained\">\n<p>Jede Hochzeit ist unvergleichbar, dadurch ist jede einzigartig was es aber f\u00fcr uns aufwendig in der Vor- und Nachbereitung macht. <br>Um eure W\u00fcnsche zu erf\u00fcllen arbeiten wir immer zu zweit und mit mehrfacher Ausr\u00fcstung damit alles so optimal und sicher wie m\u00f6glich f\u00fcr euch ist.<\/p>\n\n\n\n<p>Bei uns erhaltet ihr euer Rundum-Sorglos-Paket.<br><\/p>\n<\/div><\/div>\n\n\n\n<p><\/p>\n\n\n\n<p><\/p>\n\n\n\n<div class=\"wp-block-group\"><div class=\"wp-block-group__inner-container is-layout-constrained wp-block-group-is-layout-constrained\">\n<p>Wenn Ihr Interesse an unserer Arbeit als Hochzeitsfotografen habt, dann nehmt einfach Kontakt \u00fcber das Kontaktformular auf, gebt uns eure Nummer und wir rufen zur\u00fcck oder ruft einfach an 0151 40715150.<br>Wir k\u00f6nnen dann schon mal ein Vorab-Gespr\u00e4ch f\u00fchren. Dabei merkt man dann schon mal, ob die Chemie stimmt. Nichts ist wichtiger als die Stimmung zwischen uns, schlie\u00dflich werden wir f\u00fcr einen Tag euere Schatten sein.<\/p>\n<\/div><\/div>\n\n\n\n<div class=\"wp-block-group\"><div class=\"wp-block-group__inner-container is-layout-constrained wp-block-group-is-layout-constrained\">\n<p>Buchen k\u00f6nnt ihr uns f\u00fcr Termine in Detmold, Lippe, Bielefeld, Paderborn, Lage, Lemgo, Bad Oeynhausen, Bad Pyrmont, also quasi in ganz OWL und nat\u00fcrlich in ganz Deutschland.<\/p>\n<\/div><\/div>\n\n\n\n<p><\/p>\n","protected":false},"excerpt":{"rendered":"","protected":false},"author":2,"featured_media":0,"parent":92,"menu_order":0,"comment_status":"closed","ping_status":"open","template":"","meta":{"footnotes":""},"class_list":["post-94","page","type-page","status-publish","hentry"],"jetpack_sharing_enabled":true,"jetpack_shortlink":"https:\/\/wp.me\/P5YlrN-1w","_links":{"self":[{"href":"https:\/\/fotodesign-stein.de\/fotodesignstein\/wp-json\/wp\/v2\/pages\/94","targetHints":{"allow":["GET"]}}],"collection":[{"href":"https:\/\/fotodesign-stein.de\/fotodesignstein\/wp-json\/wp\/v2\/pages"}],"about":[{"href":"https:\/\/fotodesign-stein.de\/fotodesignstein\/wp-json\/wp\/v2\/types\/page"}],"author":[{"embeddable":true,"href":"https:\/\/fotodesign-stein.de\/fotodesignstein\/wp-json\/wp\/v2\/users\/2"}],"replies":[{"embeddable":true,"href":"https:\/\/fotodesign-stein.de\/fotodesignstein\/wp-json\/wp\/v2\/comments?post=94"}],"version-history":[{"count":21,"href":"https:\/\/fotodesign-stein.de\/fotodesignstein\/wp-json\/wp\/v2\/pages\/94\/revisions"}],"predecessor-version":[{"id":6738,"href":"https:\/\/fotodesign-stein.de\/fotodesignstein\/wp-json\/wp\/v2\/pages\/94\/revisions\/6738"}],"up":[{"embeddable":true,"href":"https:\/\/fotodesign-stein.de\/fotodesignstein\/wp-json\/wp\/v2\/pages\/92"}],"wp:attachment":[{"href":"https:\/\/fotodesign-stein.de\/fotodesignstein\/wp-json\/wp\/v2\/media?parent=94"}],"curies":[{"name":"wp","href":"https:\/\/api.w.org\/{rel}","templated":true}]}}